{"id":834,"date":"2024-10-11T15:56:21","date_gmt":"2024-10-11T12:56:21","guid":{"rendered":"https:\/\/ugurtabela.com\/?page_id=834"},"modified":"2024-10-11T19:28:25","modified_gmt":"2024-10-11T16:28:25","slug":"dekorasyon","status":"publish","type":"page","link":"https:\/\/ugurtabela.com\/index.php\/dekorasyon\/","title":{"rendered":"ANASAYFA U\u011eUR DEKOR"},"content":{"rendered":"\t\t<div data-elementor-type=\"wp-page\" data-elementor-id=\"834\" class=\"elementor elementor-834\">\n\t\t\t\t\t\t\t\t\t<section class=\"elementor-section elementor-top-section elementor-element elementor-element-b067824 elementor-section-boxed elementor-section-height-default elementor-section-height-default\" data-id=\"b067824\" data-element_type=\"section\">\n\t\t\t\t\t\t<div class=\"elementor-container elementor-column-gap-default\">\n\t\t\t\t\t<div class=\"elementor-column elementor-col-100 elementor-top-column elementor-element elementor-element-15ee885\" data-id=\"15ee885\" data-element_type=\"column\">\n\t\t\t<div class=\"elementor-widget-wrap elementor-element-populated\">\n\t\t\t\t\t\t\t\t<div class=\"elementor-element elementor-element-87f1999 elementor-widget elementor-widget-heading\" data-id=\"87f1999\" data-element_type=\"widget\" data-widget_type=\"heading.default\">\n\t\t\t\t<div class=\"elementor-widget-container\">\n\t\t\t<style>\/*! elementor - v3.14.0 - 26-06-2023 *\/\n.elementor-heading-title{padding:0;margin:0;line-height:1}.elementor-widget-heading .elementor-heading-title[class*=elementor-size-]>a{color:inherit;font-size:inherit;line-height:inherit}.elementor-widget-heading .elementor-heading-title.elementor-size-small{font-size:15px}.elementor-widget-heading .elementor-heading-title.elementor-size-medium{font-size:19px}.elementor-widget-heading .elementor-heading-title.elementor-size-large{font-size:29px}.elementor-widget-heading .elementor-heading-title.elementor-size-xl{font-size:39px}.elementor-widget-heading .elementor-heading-title.elementor-size-xxl{font-size:59px}<\/style><h1 class=\"elementor-heading-title elementor-size-default\">KANVAS TABLO<\/h1>\t\t<\/div>\n\t\t\t\t<\/div>\n\t\t\t\t\t<\/div>\n\t\t<\/div>\n\t\t\t\t\t\t\t<\/div>\n\t\t<\/section>\n\t\t\t\t<section class=\"elementor-section elementor-top-section elementor-element elementor-element-2707b43 elementor-section-boxed elementor-section-height-default elementor-section-height-default\" data-id=\"2707b43\" data-element_type=\"section\">\n\t\t\t\t\t\t<div class=\"elementor-container elementor-column-gap-default\">\n\t\t\t\t\t<div class=\"elementor-column elementor-col-33 elementor-top-column elementor-element elementor-element-6d04ff4\" data-id=\"6d04ff4\" data-element_type=\"column\">\n\t\t\t<div class=\"elementor-widget-wrap elementor-element-populated\">\n\t\t\t\t\t\t\t\t<div class=\"elementor-element elementor-element-544bb7c elementor-widget elementor-widget-image\" data-id=\"544bb7c\" data-element_type=\"widget\" data-widget_type=\"image.default\">\n\t\t\t\t<div class=\"elementor-widget-container\">\n\t\t\t<style>\/*! elementor - v3.14.0 - 26-06-2023 *\/\n.elementor-widget-image{text-align:center}.elementor-widget-image a{display:inline-block}.elementor-widget-image a img[src$=\".svg\"]{width:48px}.elementor-widget-image img{vertical-align:middle;display:inline-block}<\/style>\t\t\t\t\t\t\t\t\t<figure class=\"wp-caption\">\n\t\t\t\t\t\t\t\t\t\t<img loading=\"lazy\" decoding=\"async\" width=\"209\" height=\"295\" src=\"https:\/\/ugurtabela.com\/wp-content\/uploads\/2024\/10\/girl-with-a-pearl-earring-490x490-2-e1728656798950.jpg\" class=\"attachment-full size-full wp-image-837\" alt=\"\" \/>\t\t\t\t\t\t\t\t\t\t\t<figcaption class=\"widget-image-caption wp-caption-text\"><\/figcaption>\n\t\t\t\t\t\t\t\t\t\t<\/figure>\n\t\t\t\t\t\t\t\t\t<\/div>\n\t\t\t\t<\/div>\n\t\t\t\t\t<\/div>\n\t\t<\/div>\n\t\t\t\t<div class=\"elementor-column elementor-col-33 elementor-top-column elementor-element elementor-element-c1404e6\" data-id=\"c1404e6\" data-element_type=\"column\">\n\t\t\t<div class=\"elementor-widget-wrap elementor-element-populated\">\n\t\t\t\t\t\t\t\t<div class=\"elementor-element elementor-element-04dea36 elementor-widget elementor-widget-image\" data-id=\"04dea36\" data-element_type=\"widget\" data-widget_type=\"image.default\">\n\t\t\t\t<div class=\"elementor-widget-container\">\n\t\t\t\t\t\t\t\t\t\t\t\t\t\t\t<img loading=\"lazy\" decoding=\"async\" width=\"216\" height=\"300\" src=\"https:\/\/ugurtabela.com\/wp-content\/uploads\/2024\/10\/kzd-11-140-3db94c-216x300.jpg\" class=\"attachment-medium size-medium wp-image-838\" alt=\"\" srcset=\"https:\/\/ugurtabela.com\/wp-content\/uploads\/2024\/10\/kzd-11-140-3db94c-216x300.jpg 216w, https:\/\/ugurtabela.com\/wp-content\/uploads\/2024\/10\/kzd-11-140-3db94c-737x1024.jpg 737w, https:\/\/ugurtabela.com\/wp-content\/uploads\/2024\/10\/kzd-11-140-3db94c-768x1068.jpg 768w, https:\/\/ugurtabela.com\/wp-content\/uploads\/2024\/10\/kzd-11-140-3db94c-1105x1536.jpg 1105w, https:\/\/ugurtabela.com\/wp-content\/uploads\/2024\/10\/kzd-11-140-3db94c-600x834.jpg 600w, https:\/\/ugurtabela.com\/wp-content\/uploads\/2024\/10\/kzd-11-140-3db94c.jpg 1187w\" sizes=\"auto, (max-width: 216px) 100vw, 216px\" \/>\t\t\t\t\t\t\t\t\t\t\t\t\t\t\t<\/div>\n\t\t\t\t<\/div>\n\t\t\t\t\t<\/div>\n\t\t<\/div>\n\t\t\t\t<div class=\"elementor-column elementor-col-33 elementor-top-column elementor-element elementor-element-a1a74ea\" data-id=\"a1a74ea\" data-element_type=\"column\">\n\t\t\t<div class=\"elementor-widget-wrap elementor-element-populated\">\n\t\t\t\t\t\t\t\t<div class=\"elementor-element elementor-element-180627f elementor-widget elementor-widget-image\" data-id=\"180627f\" data-element_type=\"widget\" data-widget_type=\"image.default\">\n\t\t\t\t<div class=\"elementor-widget-container\">\n\t\t\t\t\t\t\t\t\t\t\t\t\t\t\t<img loading=\"lazy\" decoding=\"async\" width=\"212\" height=\"300\" src=\"https:\/\/ugurtabela.com\/wp-content\/uploads\/2024\/10\/Mona_Lisa_by_Leonardo_da_Vinci_from_C2RMF_retouched-212x300.jpg\" class=\"attachment-medium size-medium wp-image-839\" alt=\"\" srcset=\"https:\/\/ugurtabela.com\/wp-content\/uploads\/2024\/10\/Mona_Lisa_by_Leonardo_da_Vinci_from_C2RMF_retouched-212x300.jpg 212w, https:\/\/ugurtabela.com\/wp-content\/uploads\/2024\/10\/Mona_Lisa_by_Leonardo_da_Vinci_from_C2RMF_retouched-724x1024.jpg 724w, https:\/\/ugurtabela.com\/wp-content\/uploads\/2024\/10\/Mona_Lisa_by_Leonardo_da_Vinci_from_C2RMF_retouched-768x1086.jpg 768w, https:\/\/ugurtabela.com\/wp-content\/uploads\/2024\/10\/Mona_Lisa_by_Leonardo_da_Vinci_from_C2RMF_retouched-1086x1536.jpg 1086w, https:\/\/ugurtabela.com\/wp-content\/uploads\/2024\/10\/Mona_Lisa_by_Leonardo_da_Vinci_from_C2RMF_retouched-600x849.jpg 600w, https:\/\/ugurtabela.com\/wp-content\/uploads\/2024\/10\/Mona_Lisa_by_Leonardo_da_Vinci_from_C2RMF_retouched.jpg 1200w\" sizes=\"auto, (max-width: 212px) 100vw, 212px\" \/>\t\t\t\t\t\t\t\t\t\t\t\t\t\t\t<\/div>\n\t\t\t\t<\/div>\n\t\t\t\t\t<\/div>\n\t\t<\/div>\n\t\t\t\t\t\t\t<\/div>\n\t\t<\/section>\n\t\t\t\t<section class=\"elementor-section elementor-top-section elementor-element elementor-element-418f1e8 elementor-section-boxed elementor-section-height-default elementor-section-height-default\" data-id=\"418f1e8\" data-element_type=\"section\">\n\t\t\t\t\t\t<div class=\"elementor-container elementor-column-gap-default\">\n\t\t\t\t\t<div class=\"elementor-column elementor-col-100 elementor-top-column elementor-element elementor-element-78095fd\" data-id=\"78095fd\" data-element_type=\"column\">\n\t\t\t<div class=\"elementor-widget-wrap elementor-element-populated\">\n\t\t\t\t\t\t\t\t<div class=\"elementor-element elementor-element-bc024db elementor-widget elementor-widget-spacer\" data-id=\"bc024db\" data-element_type=\"widget\" data-widget_type=\"spacer.default\">\n\t\t\t\t<div class=\"elementor-widget-container\">\n\t\t\t<style>\/*! elementor - v3.14.0 - 26-06-2023 *\/\n.elementor-column .elementor-spacer-inner{height:var(--spacer-size)}.e-con{--container-widget-width:100%}.e-con-inner>.elementor-widget-spacer,.e-con>.elementor-widget-spacer{width:var(--container-widget-width,var(--spacer-size));--align-self:var(--container-widget-align-self,initial);--flex-shrink:0}.e-con-inner>.elementor-widget-spacer>.elementor-widget-container,.e-con-inner>.elementor-widget-spacer>.elementor-widget-container>.elementor-spacer,.e-con>.elementor-widget-spacer>.elementor-widget-container,.e-con>.elementor-widget-spacer>.elementor-widget-container>.elementor-spacer{height:100%}.e-con-inner>.elementor-widget-spacer>.elementor-widget-container>.elementor-spacer>.elementor-spacer-inner,.e-con>.elementor-widget-spacer>.elementor-widget-container>.elementor-spacer>.elementor-spacer-inner{height:var(--container-widget-height,var(--spacer-size))}<\/style>\t\t<div class=\"elementor-spacer\">\n\t\t\t<div class=\"elementor-spacer-inner\"><\/div>\n\t\t<\/div>\n\t\t\t\t<\/div>\n\t\t\t\t<\/div>\n\t\t\t\t\t<\/div>\n\t\t<\/div>\n\t\t\t\t\t\t\t<\/div>\n\t\t<\/section>\n\t\t\t\t<section class=\"elementor-section elementor-top-section elementor-element elementor-element-8dd1beb elementor-section-boxed elementor-section-height-default elementor-section-height-default\" data-id=\"8dd1beb\" data-element_type=\"section\">\n\t\t\t\t\t\t<div class=\"elementor-container elementor-column-gap-default\">\n\t\t\t\t\t<div class=\"elementor-column elementor-col-100 elementor-top-column elementor-element elementor-element-09295d2\" data-id=\"09295d2\" data-element_type=\"column\">\n\t\t\t<div class=\"elementor-widget-wrap elementor-element-populated\">\n\t\t\t\t\t\t\t\t<div class=\"elementor-element elementor-element-d456b7a elementor-widget elementor-widget-heading\" data-id=\"d456b7a\" data-element_type=\"widget\" data-widget_type=\"heading.default\">\n\t\t\t\t<div class=\"elementor-widget-container\">\n\t\t\t<h2 class=\"elementor-heading-title elementor-size-default\">L\u0130GHT BOX<\/h2>\t\t<\/div>\n\t\t\t\t<\/div>\n\t\t\t\t\t<\/div>\n\t\t<\/div>\n\t\t\t\t\t\t\t<\/div>\n\t\t<\/section>\n\t\t\t\t<section class=\"elementor-section elementor-top-section elementor-element elementor-element-e90972d elementor-section-boxed elementor-section-height-default elementor-section-height-default\" data-id=\"e90972d\" data-element_type=\"section\">\n\t\t\t\t\t\t<div class=\"elementor-container elementor-column-gap-default\">\n\t\t\t\t\t<div class=\"elementor-column elementor-col-33 elementor-top-column elementor-element elementor-element-aa23c94\" data-id=\"aa23c94\" data-element_type=\"column\">\n\t\t\t<div class=\"elementor-widget-wrap elementor-element-populated\">\n\t\t\t\t\t\t\t\t<div class=\"elementor-element elementor-element-0965ae9 elementor-widget elementor-widget-image\" data-id=\"0965ae9\" data-element_type=\"widget\" data-widget_type=\"image.default\">\n\t\t\t\t<div class=\"elementor-widget-container\">\n\t\t\t\t\t\t\t\t\t\t\t\t<figure class=\"wp-caption\">\n\t\t\t\t\t\t\t\t\t\t<img loading=\"lazy\" decoding=\"async\" width=\"216\" height=\"300\" src=\"https:\/\/ugurtabela.com\/wp-content\/uploads\/2024\/10\/028-Isikli-Ataturk-Tablosu-One-Cikan-1536x864-1-216x300.jpg\" class=\"attachment-medium size-medium wp-image-860\" alt=\"\" srcset=\"https:\/\/ugurtabela.com\/wp-content\/uploads\/2024\/10\/028-Isikli-Ataturk-Tablosu-One-Cikan-1536x864-1-216x300.jpg 216w, https:\/\/ugurtabela.com\/wp-content\/uploads\/2024\/10\/028-Isikli-Ataturk-Tablosu-One-Cikan-1536x864-1-600x833.jpg 600w, https:\/\/ugurtabela.com\/wp-content\/uploads\/2024\/10\/028-Isikli-Ataturk-Tablosu-One-Cikan-1536x864-1.jpg 622w\" sizes=\"auto, (max-width: 216px) 100vw, 216px\" \/>\t\t\t\t\t\t\t\t\t\t\t<figcaption class=\"widget-image-caption wp-caption-text\"><\/figcaption>\n\t\t\t\t\t\t\t\t\t\t<\/figure>\n\t\t\t\t\t\t\t\t\t<\/div>\n\t\t\t\t<\/div>\n\t\t\t\t\t<\/div>\n\t\t<\/div>\n\t\t\t\t<div class=\"elementor-column elementor-col-33 elementor-top-column elementor-element elementor-element-31d14d2\" data-id=\"31d14d2\" data-element_type=\"column\">\n\t\t\t<div class=\"elementor-widget-wrap elementor-element-populated\">\n\t\t\t\t\t\t\t\t<div class=\"elementor-element elementor-element-191fe04 elementor-widget elementor-widget-image\" data-id=\"191fe04\" data-element_type=\"widget\" data-widget_type=\"image.default\">\n\t\t\t\t<div class=\"elementor-widget-container\">\n\t\t\t\t\t\t\t\t\t\t\t\t\t\t\t<img loading=\"lazy\" decoding=\"async\" width=\"217\" height=\"300\" src=\"https:\/\/ugurtabela.com\/wp-content\/uploads\/2024\/10\/mt-double-sided-lightbox-18x24-black-1-1000x1000-1-217x300.jpg\" class=\"attachment-medium size-medium wp-image-864\" alt=\"\" srcset=\"https:\/\/ugurtabela.com\/wp-content\/uploads\/2024\/10\/mt-double-sided-lightbox-18x24-black-1-1000x1000-1-217x300.jpg 217w, https:\/\/ugurtabela.com\/wp-content\/uploads\/2024\/10\/mt-double-sided-lightbox-18x24-black-1-1000x1000-1.jpg 449w\" sizes=\"auto, (max-width: 217px) 100vw, 217px\" \/>\t\t\t\t\t\t\t\t\t\t\t\t\t\t\t<\/div>\n\t\t\t\t<\/div>\n\t\t\t\t\t<\/div>\n\t\t<\/div>\n\t\t\t\t<div class=\"elementor-column elementor-col-33 elementor-top-column elementor-element elementor-element-386de02\" data-id=\"386de02\" data-element_type=\"column\">\n\t\t\t<div class=\"elementor-widget-wrap elementor-element-populated\">\n\t\t\t\t\t\t\t\t<div class=\"elementor-element elementor-element-a8f05f1 elementor-widget elementor-widget-image\" data-id=\"a8f05f1\" data-element_type=\"widget\" data-widget_type=\"image.default\">\n\t\t\t\t<div class=\"elementor-widget-container\">\n\t\t\t\t\t\t\t\t\t\t\t\t\t\t\t<img loading=\"lazy\" decoding=\"async\" width=\"212\" height=\"300\" src=\"https:\/\/ugurtabela.com\/wp-content\/uploads\/2024\/10\/durabrite-locking-lightbox-36x48-1-1000x1000-1-212x300.jpg\" class=\"attachment-medium size-medium wp-image-866\" alt=\"\" srcset=\"https:\/\/ugurtabela.com\/wp-content\/uploads\/2024\/10\/durabrite-locking-lightbox-36x48-1-1000x1000-1-212x300.jpg 212w, https:\/\/ugurtabela.com\/wp-content\/uploads\/2024\/10\/durabrite-locking-lightbox-36x48-1-1000x1000-1.jpg 583w\" sizes=\"auto, (max-width: 212px) 100vw, 212px\" \/>\t\t\t\t\t\t\t\t\t\t\t\t\t\t\t<\/div>\n\t\t\t\t<\/div>\n\t\t\t\t\t<\/div>\n\t\t<\/div>\n\t\t\t\t\t\t\t<\/div>\n\t\t<\/section>\n\t\t\t\t<section class=\"elementor-section elementor-top-section elementor-element elementor-element-9113f3f elementor-section-boxed elementor-section-height-default elementor-section-height-default\" data-id=\"9113f3f\" data-element_type=\"section\">\n\t\t\t\t\t\t<div class=\"elementor-container elementor-column-gap-default\">\n\t\t\t\t\t<div class=\"elementor-column elementor-col-100 elementor-top-column elementor-element elementor-element-a133601\" data-id=\"a133601\" data-element_type=\"column\">\n\t\t\t<div class=\"elementor-widget-wrap elementor-element-populated\">\n\t\t\t\t\t\t\t\t<div class=\"elementor-element elementor-element-2b9657b elementor-widget elementor-widget-spacer\" data-id=\"2b9657b\" data-element_type=\"widget\" data-widget_type=\"spacer.default\">\n\t\t\t\t<div class=\"elementor-widget-container\">\n\t\t\t\t\t<div class=\"elementor-spacer\">\n\t\t\t<div class=\"elementor-spacer-inner\"><\/div>\n\t\t<\/div>\n\t\t\t\t<\/div>\n\t\t\t\t<\/div>\n\t\t\t\t\t<\/div>\n\t\t<\/div>\n\t\t\t\t\t\t\t<\/div>\n\t\t<\/section>\n\t\t\t\t<section class=\"elementor-section elementor-top-section elementor-element elementor-element-7c1c76a elementor-section-boxed elementor-section-height-default elementor-section-height-default\" data-id=\"7c1c76a\" data-element_type=\"section\">\n\t\t\t\t\t\t<div class=\"elementor-container elementor-column-gap-default\">\n\t\t\t\t\t<div class=\"elementor-column elementor-col-100 elementor-top-column elementor-element elementor-element-ea70196\" data-id=\"ea70196\" data-element_type=\"column\">\n\t\t\t<div class=\"elementor-widget-wrap elementor-element-populated\">\n\t\t\t\t\t\t\t\t<div class=\"elementor-element elementor-element-06ab99c elementor-widget elementor-widget-heading\" data-id=\"06ab99c\" data-element_type=\"widget\" data-widget_type=\"heading.default\">\n\t\t\t\t<div class=\"elementor-widget-container\">\n\t\t\t<h2 class=\"elementor-heading-title elementor-size-default\">N\u0130\u015eAN ORGAN\u0130ZASYONU<\/h2>\t\t<\/div>\n\t\t\t\t<\/div>\n\t\t\t\t\t<\/div>\n\t\t<\/div>\n\t\t\t\t\t\t\t<\/div>\n\t\t<\/section>\n\t\t\t\t<section class=\"elementor-section elementor-top-section elementor-element elementor-element-c6b1ebd elementor-section-boxed elementor-section-height-default elementor-section-height-default\" data-id=\"c6b1ebd\" data-element_type=\"section\">\n\t\t\t\t\t\t<div class=\"elementor-container elementor-column-gap-default\">\n\t\t\t\t\t<div class=\"elementor-column elementor-col-33 elementor-top-column elementor-element elementor-element-4a1f819\" data-id=\"4a1f819\" data-element_type=\"column\">\n\t\t\t<div class=\"elementor-widget-wrap elementor-element-populated\">\n\t\t\t\t\t\t\t\t<div class=\"elementor-element elementor-element-7682b7f elementor-widget elementor-widget-image\" data-id=\"7682b7f\" data-element_type=\"widget\" data-widget_type=\"image.default\">\n\t\t\t\t<div class=\"elementor-widget-container\">\n\t\t\t\t\t\t\t\t\t\t\t\t<figure class=\"wp-caption\">\n\t\t\t\t\t\t\t\t\t\t<img loading=\"lazy\" decoding=\"async\" width=\"216\" height=\"300\" src=\"https:\/\/ugurtabela.com\/wp-content\/uploads\/2024\/10\/Adsiz-1-216x300.png\" class=\"attachment-medium size-medium wp-image-872\" alt=\"\" srcset=\"https:\/\/ugurtabela.com\/wp-content\/uploads\/2024\/10\/Adsiz-1-216x300.png 216w, https:\/\/ugurtabela.com\/wp-content\/uploads\/2024\/10\/Adsiz-1-736x1024.png 736w, https:\/\/ugurtabela.com\/wp-content\/uploads\/2024\/10\/Adsiz-1-768x1069.png 768w, https:\/\/ugurtabela.com\/wp-content\/uploads\/2024\/10\/Adsiz-1-600x835.png 600w, https:\/\/ugurtabela.com\/wp-content\/uploads\/2024\/10\/Adsiz-1.png 960w\" sizes=\"auto, (max-width: 216px) 100vw, 216px\" \/>\t\t\t\t\t\t\t\t\t\t\t<figcaption class=\"widget-image-caption wp-caption-text\"><\/figcaption>\n\t\t\t\t\t\t\t\t\t\t<\/figure>\n\t\t\t\t\t\t\t\t\t<\/div>\n\t\t\t\t<\/div>\n\t\t\t\t\t<\/div>\n\t\t<\/div>\n\t\t\t\t<div class=\"elementor-column elementor-col-33 elementor-top-column elementor-element elementor-element-b879530\" data-id=\"b879530\" data-element_type=\"column\">\n\t\t\t<div class=\"elementor-widget-wrap elementor-element-populated\">\n\t\t\t\t\t\t\t\t<div class=\"elementor-element elementor-element-82ffe29 elementor-widget elementor-widget-image\" data-id=\"82ffe29\" data-element_type=\"widget\" data-widget_type=\"image.default\">\n\t\t\t\t<div class=\"elementor-widget-container\">\n\t\t\t\t\t\t\t\t\t\t\t\t\t\t\t<img loading=\"lazy\" decoding=\"async\" width=\"214\" height=\"300\" src=\"https:\/\/ugurtabela.com\/wp-content\/uploads\/2024\/10\/unnamed-214x300.jpg\" class=\"attachment-medium size-medium wp-image-873\" alt=\"\" srcset=\"https:\/\/ugurtabela.com\/wp-content\/uploads\/2024\/10\/unnamed-214x300.jpg 214w, https:\/\/ugurtabela.com\/wp-content\/uploads\/2024\/10\/unnamed.jpg 365w\" sizes=\"auto, (max-width: 214px) 100vw, 214px\" \/>\t\t\t\t\t\t\t\t\t\t\t\t\t\t\t<\/div>\n\t\t\t\t<\/div>\n\t\t\t\t\t<\/div>\n\t\t<\/div>\n\t\t\t\t<div class=\"elementor-column elementor-col-33 elementor-top-column elementor-element elementor-element-2dbff62\" data-id=\"2dbff62\" data-element_type=\"column\">\n\t\t\t<div class=\"elementor-widget-wrap elementor-element-populated\">\n\t\t\t\t\t\t\t\t<div class=\"elementor-element elementor-element-10b3017 elementor-widget elementor-widget-image\" data-id=\"10b3017\" data-element_type=\"widget\" data-widget_type=\"image.default\">\n\t\t\t\t<div class=\"elementor-widget-container\">\n\t\t\t\t\t\t\t\t\t\t\t\t\t\t\t<img loading=\"lazy\" decoding=\"async\" width=\"217\" height=\"300\" src=\"https:\/\/ugurtabela.com\/wp-content\/uploads\/2024\/10\/Basliksiz-3-3-480x480-2-217x300.jpg\" class=\"attachment-medium size-medium wp-image-875\" alt=\"\" srcset=\"https:\/\/ugurtabela.com\/wp-content\/uploads\/2024\/10\/Basliksiz-3-3-480x480-2-217x300.jpg 217w, https:\/\/ugurtabela.com\/wp-content\/uploads\/2024\/10\/Basliksiz-3-3-480x480-2.jpg 383w\" sizes=\"auto, (max-width: 217px) 100vw, 217px\" \/>\t\t\t\t\t\t\t\t\t\t\t\t\t\t\t<\/div>\n\t\t\t\t<\/div>\n\t\t\t\t\t<\/div>\n\t\t<\/div>\n\t\t\t\t\t\t\t<\/div>\n\t\t<\/section>\n\t\t\t\t<section class=\"elementor-section elementor-top-section elementor-element elementor-element-602fd1b elementor-section-boxed elementor-section-height-default elementor-section-height-default\" data-id=\"602fd1b\" data-element_type=\"section\">\n\t\t\t\t\t\t<div class=\"elementor-container elementor-column-gap-default\">\n\t\t\t\t\t<div class=\"elementor-column elementor-col-100 elementor-top-column elementor-element elementor-element-93c2756\" data-id=\"93c2756\" data-element_type=\"column\">\n\t\t\t<div class=\"elementor-widget-wrap elementor-element-populated\">\n\t\t\t\t\t\t\t\t<div class=\"elementor-element elementor-element-e8470a3 elementor-widget elementor-widget-spacer\" data-id=\"e8470a3\" data-element_type=\"widget\" data-widget_type=\"spacer.default\">\n\t\t\t\t<div class=\"elementor-widget-container\">\n\t\t\t\t\t<div class=\"elementor-spacer\">\n\t\t\t<div class=\"elementor-spacer-inner\"><\/div>\n\t\t<\/div>\n\t\t\t\t<\/div>\n\t\t\t\t<\/div>\n\t\t\t\t\t<\/div>\n\t\t<\/div>\n\t\t\t\t\t\t\t<\/div>\n\t\t<\/section>\n\t\t\t\t\t\t\t<\/div>\n\t\t","protected":false},"excerpt":{"rendered":"<p>KANVAS TABLO L\u0130GHT BOX N\u0130\u015eAN ORGAN\u0130ZASYONU<\/p>\n","protected":false},"author":1,"featured_media":0,"parent":0,"menu_order":0,"comment_status":"closed","ping_status":"closed","template":"","meta":{"_kad_post_transparent":"","_kad_post_title":"hide","_kad_post_layout":"fullwidth","_kad_post_sidebar_id":"","_kad_post_content_style":"unboxed","_kad_post_vertical_padding":"hide","_kad_post_feature":"hide","_kad_post_feature_position":"","_kad_post_header":false,"_kad_post_footer":false,"footnotes":""},"class_list":["post-834","page","type-page","status-publish","hentry"],"_links":{"self":[{"href":"https:\/\/ugurtabela.com\/index.php\/wp-json\/wp\/v2\/pages\/834","targetHints":{"allow":["GET"]}}],"collection":[{"href":"https:\/\/ugurtabela.com\/index.php\/wp-json\/wp\/v2\/pages"}],"about":[{"href":"https:\/\/ugurtabela.com\/index.php\/wp-json\/wp\/v2\/types\/page"}],"author":[{"embeddable":true,"href":"https:\/\/ugurtabela.com\/index.php\/wp-json\/wp\/v2\/users\/1"}],"replies":[{"embeddable":true,"href":"https:\/\/ugurtabela.com\/index.php\/wp-json\/wp\/v2\/comments?post=834"}],"version-history":[{"count":72,"href":"https:\/\/ugurtabela.com\/index.php\/wp-json\/wp\/v2\/pages\/834\/revisions"}],"predecessor-version":[{"id":958,"href":"https:\/\/ugurtabela.com\/index.php\/wp-json\/wp\/v2\/pages\/834\/revisions\/958"}],"wp:attachment":[{"href":"https:\/\/ugurtabela.com\/index.php\/wp-json\/wp\/v2\/media?parent=834"}],"curies":[{"name":"wp","href":"https:\/\/api.w.org\/{rel}","templated":true}]}}