{"id":699,"date":"2023-08-08T17:07:44","date_gmt":"2023-08-08T14:07:44","guid":{"rendered":"https:\/\/ugurtabela.com\/?page_id=699"},"modified":"2023-08-08T17:10:14","modified_gmt":"2023-08-08T14:10:14","slug":"siparis-takip","status":"publish","type":"page","link":"https:\/\/ugurtabela.com\/index.php\/siparis-takip\/","title":{"rendered":"S\u0130PAR\u0130\u015e TAK\u0130P"},"content":{"rendered":"<div class=\"woocommerce\"><\/div>\n","protected":false},"excerpt":{"rendered":"","protected":false},"author":1,"featured_media":0,"parent":0,"menu_order":0,"comment_status":"closed","ping_status":"closed","template":"","meta":{"_kad_post_transparent":"","_kad_post_title":"","_kad_post_layout":"","_kad_post_sidebar_id":"","_kad_post_content_style":"","_kad_post_vertical_padding":"","_kad_post_feature":"","_kad_post_feature_position":"","_kad_post_header":false,"_kad_post_footer":false,"footnotes":""},"class_list":["post-699","page","type-page","status-publish","hentry"],"_links":{"self":[{"href":"https:\/\/ugurtabela.com\/index.php\/wp-json\/wp\/v2\/pages\/699","targetHints":{"allow":["GET"]}}],"collection":[{"href":"https:\/\/ugurtabela.com\/index.php\/wp-json\/wp\/v2\/pages"}],"about":[{"href":"https:\/\/ugurtabela.com\/index.php\/wp-json\/wp\/v2\/types\/page"}],"author":[{"embeddable":true,"href":"https:\/\/ugurtabela.com\/index.php\/wp-json\/wp\/v2\/users\/1"}],"replies":[{"embeddable":true,"href":"https:\/\/ugurtabela.com\/index.php\/wp-json\/wp\/v2\/comments?post=699"}],"version-history":[{"count":2,"href":"https:\/\/ugurtabela.com\/index.php\/wp-json\/wp\/v2\/pages\/699\/revisions"}],"predecessor-version":[{"id":702,"href":"https:\/\/ugurtabela.com\/index.php\/wp-json\/wp\/v2\/pages\/699\/revisions\/702"}],"wp:attachment":[{"href":"https:\/\/ugurtabela.com\/index.php\/wp-json\/wp\/v2\/media?parent=699"}],"curies":[{"name":"wp","href":"https:\/\/api.w.org\/{rel}","templated":true}]}}