{"id":414,"date":"2023-07-31T12:04:27","date_gmt":"2023-07-31T09:04:27","guid":{"rendered":"https:\/\/ugurtabela.com\/?page_id=414"},"modified":"2023-08-10T02:26:18","modified_gmt":"2023-08-09T23:26:18","slug":"mesafeli-satis-sozlesmesi","status":"publish","type":"page","link":"https:\/\/ugurtabela.com\/index.php\/mesafeli-satis-sozlesmesi\/","title":{"rendered":"MESAFEL\u0130 ESER S\u00d6ZLE\u015eMES\u0130"},"content":{"rendered":"\n<h1 class=\"wp-block-heading\">Mesafeli Eser S\u00f6zle\u015fmesi<\/h1>\n\n\n\n<p><strong>MESAFEL\u0130 ESER S\u00d6ZLE\u015eMES\u0130<\/strong><\/p>\n\n\n\n<p><strong>1.TARAFLAR<\/strong><\/p>\n\n\n\n<p>\u0130\u015fbu S\u00f6zle\u015fme a\u015fa\u011f\u0131daki taraflar aras\u0131nda a\u015fa\u011f\u0131da belirtilen h\u00fck\u00fcm ve \u015fartlar \u00e7er\u00e7evesinde imzalanm\u0131\u015ft\u0131r.<\/p>\n\n\n\n<ol class=\"wp-block-list\" type=\"A\">\n<li>\u2018ALICI\u2019 ; (s\u00f6zle\u015fmede bundan sonra &#8220;\u0130\u015f sahibi&#8221; olarak an\u0131lacakt\u0131r.)<\/li>\n<\/ol>\n\n\n\n<ol class=\"wp-block-list\" type=\"A\" start=\"2\">\n<li>&#8216;\u2018SATICI\u2019 ; (s\u00f6zle\u015fmede bundan sonra &#8220;Y\u00fcklenici&#8221; olarak an\u0131lacakt\u0131r.)<\/li>\n<\/ol>\n\n\n\n<p>\u0130\u015f bu s\u00f6zle\u015fmeyi kabul etmekle i\u015f sahibi, s\u00f6zle\u015fme konusu sipari\u015fi onaylad\u0131\u011f\u0131 takdirde sipari\u015f konusu bedeli ve varsa kargo \u00fccreti, vergi gibi belirtilen ek \u00fccretleri \u00f6deme y\u00fck\u00fcml\u00fcl\u00fc\u011f\u00fc alt\u0131na girece\u011fini ve bu konuda bilgilendirildi\u011fini pe\u015finen kabul eder.<\/p>\n\n\n\n<p><strong>2.TANIMLAR<\/strong><\/p>\n\n\n\n<p>\u0130\u015fbu s\u00f6zle\u015fmenin uygulanmas\u0131nda ve yorumlanmas\u0131nda a\u015fa\u011f\u0131da yaz\u0131l\u0131 terimler kar\u015f\u0131lar\u0131ndaki yaz\u0131l\u0131 a\u00e7\u0131klamalar\u0131 ifade edeceklerdir.<\/p>\n\n\n\n<p>BAKAN : G\u00fcmr\u00fck ve Ticaret Bakan\u0131\u2019n\u0131,<\/p>\n\n\n\n<p>BAKANLIK : G\u00fcmr\u00fck ve Ticaret Bakanl\u0131\u011f\u0131\u2019n\u0131,<\/p>\n\n\n\n<p>KANUN : 6502 say\u0131l\u0131 T\u00fcketicinin Korunmas\u0131 Hakk\u0131nda Kanun\u2019u,<\/p>\n\n\n\n<p>Y\u00d6NETMEL\u0130K : Mesafeli S\u00f6zle\u015fmeler Y\u00f6netmeli\u011fi\u2019ni (RG:27.11.2014\/29188),<\/p>\n\n\n\n<p>H\u0130ZMET : Bir \u00fccret veya menfaat kar\u015f\u0131l\u0131\u011f\u0131nda yap\u0131lan ya da yap\u0131lmas\u0131 taahh\u00fct edilen mal sa\u011flama d\u0131\u015f\u0131ndaki her t\u00fcrl\u00fc t\u00fcketici i\u015fleminin konusunu,<\/p>\n\n\n\n<p>Y\u00dcKLEN\u0130C\u0130 : M\u00fcteahhit, eser s\u00f6zle\u015fmesi kapsam\u0131nda belirlenen i\u015fi ger\u00e7ekle\u015ftirmeyi ve sonu\u00e7 olarak ortaya \u00e7\u0131kan eseri i\u015f sahibine teslim etmeyi \u00fcstlenen taraf olarak tan\u0131mlan\u0131r. M\u00fcteahhit, genellikle malzeme ve i\u015f\u00e7ilik sa\u011flayarak, s\u00f6zle\u015fme kapsam\u0131ndaki i\u015fleri tamamlar.<\/p>\n\n\n\n<p>\u0130\u015e SAH\u0130B\u0130 : Bu eser s\u00f6zle\u015fmesi ile m\u00fcteahhitten hizmet sat\u0131n almay\u0131 taahh\u00fct eden ve bu hizmet kar\u015f\u0131l\u0131\u011f\u0131nda belirlenen bedeli \u00f6demeyi \u00fcstlenen ki\u015fidir. \u0130\u015f sahibi, eserin tamamlanmas\u0131 ve teslim edilmesi sonras\u0131nda, eseri kabul etmek ve kararla\u015ft\u0131r\u0131lan bedeli \u00f6demekle y\u00fck\u00fcml\u00fc ki\u015fidir.<\/p>\n\n\n\n<p>S\u0130TE : Y\u00fckleniciye ait internet sitesini,<\/p>\n\n\n\n<p>S\u0130PAR\u0130\u015e VEREN: Sipari\u015fini y\u00fckleniciye ait internet sitesi \u00fczerinden talep eden ger\u00e7ek ya da t\u00fczel ki\u015fiyi,<\/p>\n\n\n\n<p>TARAFLAR : Y\u00fcklenici ve \u0130\u015f Sahibini,<\/p>\n\n\n\n<p>S\u00d6ZLE\u015eME : Y\u00fcklenici ve i\u015f sahibi aras\u0131nda akdedilen i\u015fbu s\u00f6zle\u015fmeyi,<\/p>\n\n\n\n<p>ESER : Al\u0131\u015fveri\u015fe konu olan tasar\u0131m sipari\u015fi ifade eder.<\/p>\n\n\n\n<p><strong>3. GENEL H\u00dcK\u00dcMLER<\/strong><\/p>\n\n\n\n<p><strong>3.1.<\/strong>&nbsp;\u0130\u015f sahibi, y\u00fckleniciye ait internet sitesinde s\u00f6zle\u015fme konusu \u00fcr\u00fcn\u00fcn temel nitelikleri, sat\u0131\u015f fiyat\u0131 ve \u00f6deme \u015fekli ile teslimata ili\u015fkin \u00f6n bilgileri okuyup, bilgi sahibi oldu\u011funu, elektronik ortamda gerekli teyidi verdi\u011fini kabul, beyan ve taahh\u00fct eder. \u0130\u015f sahibinin; \u00f6n bilgilendirmeyi elektronik ortamda teyit etmesi, mesafeli sat\u0131\u015f s\u00f6zle\u015fmesinin kurulmas\u0131ndan evvel, y\u00fcklenici taraf\u0131ndan i\u015f sahibine verilmesi gereken adresi, sipari\u015fi verilen \u00fcr\u00fcnlere ait temel \u00f6zellikleri, \u00fcr\u00fcnlerin vergiler d\u00e2hil fiyat\u0131n\u0131, \u00f6deme ve teslimat bilgilerini de do\u011fru ve eksiksiz olarak edindi\u011fini kabul, beyan ve taahh\u00fct eder.<\/p>\n\n\n\n<p><strong>3.2.<\/strong>&nbsp;S\u00f6zle\u015fme konusu her bir \u00fcr\u00fcn, 30 g\u00fcnl\u00fck yasal s\u00fcreyi a\u015fmamak kayd\u0131 ile i\u015f sahibinin yerle\u015fim yeri uzakl\u0131\u011f\u0131na ba\u011fl\u0131 olarak internet sitesindeki \u00f6n bilgiler k\u0131sm\u0131nda belirtilen s\u00fcre zarf\u0131nda i\u015f sahibi veya i\u015f sahibinin g\u00f6sterdi\u011fi adresteki ki\u015fi ve\/veya kurulu\u015fa teslim edilir. Bu s\u00fcre i\u00e7inde \u00fcr\u00fcn\u00fcn i\u015f sahibine teslim edilememesi durumunda, i\u015f sahibinin s\u00f6zle\u015fmeyi feshetme hakk\u0131 sakl\u0131d\u0131r.<\/p>\n\n\n\n<p><strong>3.3.<\/strong>&nbsp;Y\u00fcklenici, s\u00f6zle\u015fme konusu \u00fcr\u00fcn\u00fc eksiksiz, sipari\u015fte belirtilen niteliklere uygun ve varsa garanti belgeleri, kullan\u0131m k\u0131lavuzlar\u0131 i\u015fin gere\u011fi olan bilgi ve belgeler ile teslim etmeyi, her t\u00fcrl\u00fc ay\u0131ptan ar\u00ee olarak yasal mevzuat gereklerine g\u00f6re sa\u011flam, standartlara uygun bir \u015fekilde i\u015fi do\u011fruluk ve d\u00fcr\u00fcstl\u00fck esaslar\u0131 d\u00e2hilinde ifa etmeyi, hizmet kalitesini koruyup y\u00fckseltmeyi, i\u015fin ifas\u0131 s\u0131ras\u0131nda gerekli dikkat ve \u00f6zeni g\u00f6stermeyi, ihtiyat ve \u00f6ng\u00f6r\u00fc ile hareket etmeyi kabul, beyan ve taahh\u00fct eder.<\/p>\n\n\n\n<p><strong>3.4.<\/strong>&nbsp;Y\u00fcklenici, s\u00f6zle\u015fmeden do\u011fan ifa y\u00fck\u00fcml\u00fcl\u00fc\u011f\u00fcn\u00fcn s\u00fcresi dolmadan i\u015f sahibini bilgilendirmek ve a\u00e7\u0131k\u00e7a onay\u0131n\u0131 almak suretiyle e\u015fit kalite ve fiyatta farkl\u0131 bir \u00fcr\u00fcn tedarik edebilir.<\/p>\n\n\n\n<p><strong>3.5.<\/strong>&nbsp;Y\u00fcklenici, sipari\u015f konusu \u00fcr\u00fcn veya hizmetin yerine getirilmesinin imk\u00e2ns\u0131zla\u015fmas\u0131 halinde s\u00f6zle\u015fme konusu y\u00fck\u00fcml\u00fcl\u00fcklerini yerine getiremezse, bu durumu, \u00f6\u011frendi\u011fi tarihten itibaren 3 g\u00fcn i\u00e7inde yaz\u0131l\u0131 olarak t\u00fcketiciye bildirece\u011fini, 14 g\u00fcnl\u00fck s\u00fcre i\u00e7inde toplam bedeli i\u015f sahibine iade edece\u011fini kabul, beyan ve taahh\u00fct eder.&nbsp;<\/p>\n\n\n\n<p><strong>3.6.<\/strong>&nbsp;\u0130\u015f sahibi, S\u00f6zle\u015fme konusu \u00fcr\u00fcn\u00fcn teslimat\u0131 i\u00e7in i\u015fbu s\u00f6zle\u015fmeyi elektronik ortamda teyit edece\u011fini, herhangi bir nedenle s\u00f6zle\u015fme konusu \u00fcr\u00fcn bedelinin \u00f6denmemesi ve\/veya banka kay\u0131tlar\u0131nda iptal edilmesi halinde, y\u00fcklenicinin s\u00f6zle\u015fme konusu \u00fcr\u00fcn\u00fc teslim y\u00fck\u00fcml\u00fcl\u00fc\u011f\u00fcn\u00fcn sona erece\u011fini kabul, beyan ve taahh\u00fct eder.<\/p>\n\n\n\n<p><strong>3.7.<\/strong>&nbsp;\u0130\u015f sahibi, y\u00fckleniciye ait internet sitesini kullan\u0131rken yasal mevzuat h\u00fck\u00fcmlerine riayet etmeyi ve bunlar\u0131 ihlal etmemeyi ba\u015ftan kabul ve taahh\u00fct eder. Aksi takdirde, do\u011facak t\u00fcm hukuki ve cezai y\u00fck\u00fcml\u00fcl\u00fckler tamamen ve m\u00fcnhas\u0131ran i\u015f sahibini ba\u011flayacakt\u0131r.<\/p>\n\n\n\n<p><strong>4. CAYMA HAKKI<\/strong><\/p>\n\n\n\n<p> \u0130\u015f sahibi; mesafeli s\u00f6zle\u015fmenin eser s\u00f6zle\u015fmesine ili\u015fkin olmas\u0131 durumunda, cayma hakk\u0131n\u0131 ancak \u00f6zel bir ihlalin varl\u0131\u011f\u0131 halinde kullan\u0131labilir. \u0130\u015f sahibi ancak meydana getirilen eserin hak ve salahiyetlerinden gere\u011fi gibi faydalanamazsa ve bu surette eser sahibinin menfaatleri esasl\u0131 surette ihlal olursa cayma hakk\u0131n\u0131 kullanabilir. Ayr\u0131ca 30  g\u00fcnl\u00fck s\u00fcre i\u00e7inde eser teslimi yap\u0131lmazsa, i\u015f sahibinin cayma hakk\u0131 sakl\u0131d\u0131r. Cayma hakk\u0131n\u0131n kullan\u0131m\u0131ndan kaynaklanan masraflar y\u00fckleniciye aittir.&nbsp;\u0130\u015f sahibi, i\u015f bu s\u00f6zle\u015fmeyi kabul etmekle, cayma hakk\u0131 konusunda bilgilendirildi\u011fini pe\u015finen kabul eder.<\/p>\n\n\n\n<p><strong>5. CAYMA HAKKI KULLANILAMAYACAK \u00dcR\u00dcNLER<\/strong><\/p>\n\n\n\n<p>\u0130\u015f sahibinin iste\u011fi veya a\u00e7\u0131k\u00e7a ki\u015fisel ihtiya\u00e7lar\u0131 do\u011frultusunda haz\u0131rlanan ve geri g\u00f6nderilmeye m\u00fcsait olmayan, ki\u015fiye \u00f6zel tasar\u0131m ihtiva eden eserler i\u00e7in cayma hakk\u0131n\u0131n kullan\u0131lmas\u0131 y\u00f6netmelik gere\u011fi m\u00fcmk\u00fcn de\u011fildir.<\/p>\n\n\n\n<p><\/p>\n","protected":false},"excerpt":{"rendered":"<p>Mesafeli Eser S\u00f6zle\u015fmesi MESAFEL\u0130 ESER S\u00d6ZLE\u015eMES\u0130 1.TARAFLAR \u0130\u015fbu S\u00f6zle\u015fme a\u015fa\u011f\u0131daki taraflar aras\u0131nda a\u015fa\u011f\u0131da belirtilen h\u00fck\u00fcm ve \u015fartlar \u00e7er\u00e7evesinde imzalanm\u0131\u015ft\u0131r. \u0130\u015f bu s\u00f6zle\u015fmeyi kabul etmekle i\u015f sahibi, s\u00f6zle\u015fme konusu sipari\u015fi onaylad\u0131\u011f\u0131 takdirde sipari\u015f konusu bedeli ve varsa kargo \u00fccreti, vergi gibi belirtilen ek \u00fccretleri \u00f6deme y\u00fck\u00fcml\u00fcl\u00fc\u011f\u00fc alt\u0131na girece\u011fini ve bu konuda bilgilendirildi\u011fini pe\u015finen kabul eder. 2.TANIMLAR&#8230;<\/p>\n","protected":false},"author":1,"featured_media":0,"parent":0,"menu_order":0,"comment_status":"closed","ping_status":"closed","template":"","meta":{"_kad_post_transparent":"","_kad_post_title":"","_kad_post_layout":"","_kad_post_sidebar_id":"","_kad_post_content_style":"","_kad_post_vertical_padding":"","_kad_post_feature":"","_kad_post_feature_position":"","_kad_post_header":false,"_kad_post_footer":false,"footnotes":""},"class_list":["post-414","page","type-page","status-publish","hentry"],"_links":{"self":[{"href":"https:\/\/ugurtabela.com\/index.php\/wp-json\/wp\/v2\/pages\/414","targetHints":{"allow":["GET"]}}],"collection":[{"href":"https:\/\/ugurtabela.com\/index.php\/wp-json\/wp\/v2\/pages"}],"about":[{"href":"https:\/\/ugurtabela.com\/index.php\/wp-json\/wp\/v2\/types\/page"}],"author":[{"embeddable":true,"href":"https:\/\/ugurtabela.com\/index.php\/wp-json\/wp\/v2\/users\/1"}],"replies":[{"embeddable":true,"href":"https:\/\/ugurtabela.com\/index.php\/wp-json\/wp\/v2\/comments?post=414"}],"version-history":[{"count":8,"href":"https:\/\/ugurtabela.com\/index.php\/wp-json\/wp\/v2\/pages\/414\/revisions"}],"predecessor-version":[{"id":728,"href":"https:\/\/ugurtabela.com\/index.php\/wp-json\/wp\/v2\/pages\/414\/revisions\/728"}],"wp:attachment":[{"href":"https:\/\/ugurtabela.com\/index.php\/wp-json\/wp\/v2\/media?parent=414"}],"curies":[{"name":"wp","href":"https:\/\/api.w.org\/{rel}","templated":true}]}}